{"id":381,"date":"2025-10-27T16:21:06","date_gmt":"2025-10-27T15:21:06","guid":{"rendered":"https:\/\/eyze-psychology.de\/datenschutz\/"},"modified":"2025-12-15T16:14:47","modified_gmt":"2025-12-15T15:14:47","slug":"privacy-policy","status":"publish","type":"page","link":"https:\/\/eyze-psychology.de\/en\/privacy-policy\/","title":{"rendered":"Privacy Policy"},"content":{"rendered":"","protected":false},"excerpt":{"rendered":"","protected":false},"author":1,"featured_media":0,"parent":0,"menu_order":0,"comment_status":"open","ping_status":"closed","template":"","meta":{"footnotes":""},"class_list":["post-381","page","type-page","status-publish","hentry"],"yoast_head":"<!-- This site is optimized with the Yoast SEO plugin v26.6 - https:\/\/yoast.com\/wordpress\/plugins\/seo\/ -->\n<title>Privacy Policy - EYZE Psychology<\/title>\n<meta name=\"robots\" content=\"index, follow, max-snippet:-1, max-image-preview:large, max-video-preview:-1\" \/>\n<link rel=\"canonical\" href=\"https:\/\/eyze-psychology.de\/en\/privacy-policy\/\" \/>\n<meta property=\"og:locale\" content=\"en_US\" \/>\n<meta property=\"og:type\" content=\"article\" \/>\n<meta property=\"og:title\" content=\"Privacy Policy - EYZE Psychology\" \/>\n<meta property=\"og:url\" content=\"https:\/\/eyze-psychology.de\/en\/privacy-policy\/\" \/>\n<meta property=\"og:site_name\" content=\"EYZE Psychology\" \/>\n<meta property=\"article:modified_time\" content=\"2025-12-15T15:14:47+00:00\" \/>\n<meta name=\"twitter:card\" content=\"summary_large_image\" \/>\n<script type=\"application\/ld+json\" class=\"yoast-schema-graph\">{\"@context\":\"https:\/\/schema.org\",\"@graph\":[{\"@type\":\"WebPage\",\"@id\":\"https:\/\/eyze-psychology.de\/en\/privacy-policy\/\",\"url\":\"https:\/\/eyze-psychology.de\/en\/privacy-policy\/\",\"name\":\"Privacy Policy - EYZE Psychology\",\"isPartOf\":{\"@id\":\"https:\/\/eyze-psychology.de\/en\/#website\"},\"datePublished\":\"2025-10-27T15:21:06+00:00\",\"dateModified\":\"2025-12-15T15:14:47+00:00\",\"breadcrumb\":{\"@id\":\"https:\/\/eyze-psychology.de\/en\/privacy-policy\/#breadcrumb\"},\"inLanguage\":\"en-US\",\"potentialAction\":[{\"@type\":\"ReadAction\",\"target\":[\"https:\/\/eyze-psychology.de\/en\/privacy-policy\/\"]}]},{\"@type\":\"BreadcrumbList\",\"@id\":\"https:\/\/eyze-psychology.de\/en\/privacy-policy\/#breadcrumb\",\"itemListElement\":[{\"@type\":\"ListItem\",\"position\":1,\"name\":\"Startseite\",\"item\":\"https:\/\/eyze-psychology.de\/en\/\"},{\"@type\":\"ListItem\",\"position\":2,\"name\":\"Privacy Policy\"}]},{\"@type\":\"WebSite\",\"@id\":\"https:\/\/eyze-psychology.de\/en\/#website\",\"url\":\"https:\/\/eyze-psychology.de\/en\/\",\"name\":\"EYZE Psychology\",\"description\":\"Die Website EYZE \u2013 Rethinking Psychology pr\u00e4sentiert ein integratives, k\u00f6rperbasiertes psychologisches Angebot f\u00fcr Hotels und Unternehmen, das wissenschaftliche Psychologie, moderne K\u00f6rpertherapie und erg\u00e4nzende Verfahren verbindet, um mentale Klarheit, nachhaltige Regeneration und psychische Resilienz auf einem Premium-Level zu f\u00f6rdern.\",\"publisher\":{\"@id\":\"https:\/\/eyze-psychology.de\/en\/#organization\"},\"potentialAction\":[{\"@type\":\"SearchAction\",\"target\":{\"@type\":\"EntryPoint\",\"urlTemplate\":\"https:\/\/eyze-psychology.de\/en\/?s={search_term_string}\"},\"query-input\":{\"@type\":\"PropertyValueSpecification\",\"valueRequired\":true,\"valueName\":\"search_term_string\"}}],\"inLanguage\":\"en-US\"},{\"@type\":\"Organization\",\"@id\":\"https:\/\/eyze-psychology.de\/en\/#organization\",\"name\":\"EYZE Psychology\",\"url\":\"https:\/\/eyze-psychology.de\/en\/\",\"logo\":{\"@type\":\"ImageObject\",\"inLanguage\":\"en-US\",\"@id\":\"https:\/\/eyze-psychology.de\/en\/#\/schema\/logo\/image\/\",\"url\":\"https:\/\/eyze-psychology.de\/wp-content\/uploads\/2025\/09\/eyze-rethinking-psychology-therapy-logo-gruen.svg\",\"contentUrl\":\"https:\/\/eyze-psychology.de\/wp-content\/uploads\/2025\/09\/eyze-rethinking-psychology-therapy-logo-gruen.svg\",\"caption\":\"EYZE Psychology\"},\"image\":{\"@id\":\"https:\/\/eyze-psychology.de\/en\/#\/schema\/logo\/image\/\"}}]}<\/script>\n<!-- \/ Yoast SEO plugin. -->","yoast_head_json":{"title":"Privacy Policy - EYZE Psychology","robots":{"index":"index","follow":"follow","max-snippet":"max-snippet:-1","max-image-preview":"max-image-preview:large","max-video-preview":"max-video-preview:-1"},"canonical":"https:\/\/eyze-psychology.de\/en\/privacy-policy\/","og_locale":"en_US","og_type":"article","og_title":"Privacy Policy - EYZE Psychology","og_url":"https:\/\/eyze-psychology.de\/en\/privacy-policy\/","og_site_name":"EYZE Psychology","article_modified_time":"2025-12-15T15:14:47+00:00","twitter_card":"summary_large_image","schema":{"@context":"https:\/\/schema.org","@graph":[{"@type":"WebPage","@id":"https:\/\/eyze-psychology.de\/en\/privacy-policy\/","url":"https:\/\/eyze-psychology.de\/en\/privacy-policy\/","name":"Privacy Policy - EYZE Psychology","isPartOf":{"@id":"https:\/\/eyze-psychology.de\/en\/#website"},"datePublished":"2025-10-27T15:21:06+00:00","dateModified":"2025-12-15T15:14:47+00:00","breadcrumb":{"@id":"https:\/\/eyze-psychology.de\/en\/privacy-policy\/#breadcrumb"},"inLanguage":"en-US","potentialAction":[{"@type":"ReadAction","target":["https:\/\/eyze-psychology.de\/en\/privacy-policy\/"]}]},{"@type":"BreadcrumbList","@id":"https:\/\/eyze-psychology.de\/en\/privacy-policy\/#breadcrumb","itemListElement":[{"@type":"ListItem","position":1,"name":"Startseite","item":"https:\/\/eyze-psychology.de\/en\/"},{"@type":"ListItem","position":2,"name":"Privacy Policy"}]},{"@type":"WebSite","@id":"https:\/\/eyze-psychology.de\/en\/#website","url":"https:\/\/eyze-psychology.de\/en\/","name":"EYZE Psychology","description":"Die Website EYZE \u2013 Rethinking Psychology pr\u00e4sentiert ein integratives, k\u00f6rperbasiertes psychologisches Angebot f\u00fcr Hotels und Unternehmen, das wissenschaftliche Psychologie, moderne K\u00f6rpertherapie und erg\u00e4nzende Verfahren verbindet, um mentale Klarheit, nachhaltige Regeneration und psychische Resilienz auf einem Premium-Level zu f\u00f6rdern.","publisher":{"@id":"https:\/\/eyze-psychology.de\/en\/#organization"},"potentialAction":[{"@type":"SearchAction","target":{"@type":"EntryPoint","urlTemplate":"https:\/\/eyze-psychology.de\/en\/?s={search_term_string}"},"query-input":{"@type":"PropertyValueSpecification","valueRequired":true,"valueName":"search_term_string"}}],"inLanguage":"en-US"},{"@type":"Organization","@id":"https:\/\/eyze-psychology.de\/en\/#organization","name":"EYZE Psychology","url":"https:\/\/eyze-psychology.de\/en\/","logo":{"@type":"ImageObject","inLanguage":"en-US","@id":"https:\/\/eyze-psychology.de\/en\/#\/schema\/logo\/image\/","url":"https:\/\/eyze-psychology.de\/wp-content\/uploads\/2025\/09\/eyze-rethinking-psychology-therapy-logo-gruen.svg","contentUrl":"https:\/\/eyze-psychology.de\/wp-content\/uploads\/2025\/09\/eyze-rethinking-psychology-therapy-logo-gruen.svg","caption":"EYZE Psychology"},"image":{"@id":"https:\/\/eyze-psychology.de\/en\/#\/schema\/logo\/image\/"}}]}},"_links":{"self":[{"href":"https:\/\/eyze-psychology.de\/en\/wp-json\/wp\/v2\/pages\/381","targetHints":{"allow":["GET"]}}],"collection":[{"href":"https:\/\/eyze-psychology.de\/en\/wp-json\/wp\/v2\/pages"}],"about":[{"href":"https:\/\/eyze-psychology.de\/en\/wp-json\/wp\/v2\/types\/page"}],"author":[{"embeddable":true,"href":"https:\/\/eyze-psychology.de\/en\/wp-json\/wp\/v2\/users\/1"}],"replies":[{"embeddable":true,"href":"https:\/\/eyze-psychology.de\/en\/wp-json\/wp\/v2\/comments?post=381"}],"version-history":[{"count":2,"href":"https:\/\/eyze-psychology.de\/en\/wp-json\/wp\/v2\/pages\/381\/revisions"}],"predecessor-version":[{"id":385,"href":"https:\/\/eyze-psychology.de\/en\/wp-json\/wp\/v2\/pages\/381\/revisions\/385"}],"wp:attachment":[{"href":"https:\/\/eyze-psychology.de\/en\/wp-json\/wp\/v2\/media?parent=381"}],"curies":[{"name":"wp","href":"https:\/\/api.w.org\/{rel}","templated":true}]}}